{"id":45,"date":"2020-06-25T08:11:42","date_gmt":"2020-06-25T08:11:42","guid":{"rendered":"https:\/\/pyglass.com\/?page_id=10"},"modified":"2026-04-23T07:44:23","modified_gmt":"2026-04-23T07:44:23","slug":"events","status":"publish","type":"page","link":"https:\/\/pyglass.com\/es\/events\/","title":{"rendered":"Eventos"},"content":{"rendered":"<div data-elementor-type=\"wp-page\" data-elementor-id=\"45\" class=\"elementor elementor-45\" data-elementor-post-type=\"page\">\n\t\t\t\t\t\t<section class=\"elementor-section elementor-top-section elementor-element elementor-element-3635d90 elementor-section-stretched elementor-section-boxed elementor-section-height-default elementor-section-height-default\" data-id=\"3635d90\" data-element_type=\"section\" data-e-type=\"section\" data-settings=\"{&quot;stretch_section&quot;:&quot;section-stretched&quot;,&quot;background_background&quot;:&quot;classic&quot;}\">\n\t\t\t\t\t\t<div class=\"elementor-container elementor-column-gap-wider\">\n\t\t\t\t\t<div class=\"elementor-column elementor-col-100 elementor-top-column elementor-element elementor-element-5129631\" data-id=\"5129631\" data-element_type=\"column\" data-e-type=\"column\">\n\t\t\t<div class=\"elementor-widget-wrap elementor-element-populated\">\n\t\t\t\t\t\t<div class=\"elementor-element elementor-element-6d4d4c1 elementor-widget elementor-widget-text-editor\" data-id=\"6d4d4c1\" data-element_type=\"widget\" data-e-type=\"widget\" data-widget_type=\"text-editor.default\">\n\t\t\t\t\t\t\t\t\tCompany News\t\t\t\t\t\t\t\t<\/div>\n\t\t\t\t\t<\/div>\n\t\t<\/div>\n\t\t\t\t\t<\/div>\n\t\t<\/section>\n\t\t<div class=\"elementor-element elementor-element-e739c7e e-con-full e-flex e-con e-parent\" data-id=\"e739c7e\" data-element_type=\"container\" data-e-type=\"container\" data-settings=\"{&quot;background_background&quot;:&quot;classic&quot;}\">\n\t\t\t\t<div class=\"elementor-element elementor-element-b496d80 elementor-icon-list--layout-traditional elementor-list-item-link-full_width elementor-widget elementor-widget-icon-list\" data-id=\"b496d80\" data-element_type=\"widget\" data-e-type=\"widget\" data-widget_type=\"icon-list.default\">\n\t\t\t\t\t\t\t<ul class=\"elementor-icon-list-items\">\n\t\t\t\t\t\t\t<li class=\"elementor-icon-list-item\">\n\t\t\t\t\t\t\t\t\t\t\t<a href=\"https:\/\/pyglass.com\/es\/\">\n\n\t\t\t\t\t\t\t\t\t\t\t\t<span class=\"elementor-icon-list-icon\">\n\t\t\t\t\t\t\t<svg aria-hidden=\"true\" class=\"e-font-icon-svg e-fas-home\" viewbox=\"0 0 576 512\" xmlns=\"http:\/\/www.w3.org\/2000\/svg\"><path d=\"M280.37 148.26L96 300.11V464a16 16 0 0 0 16 16l112.06-.29a16 16 0 0 0 15.92-16V368a16 16 0 0 1 16-16h64a16 16 0 0 1 16 16v95.64a16 16 0 0 0 16 16.05L464 480a16 16 0 0 0 16-16V300L295.67 148.26a12.19 12.19 0 0 0-15.3 0zM571.6 251.47L488 182.56V44.05a12 12 0 0 0-12-12h-56a12 12 0 0 0-12 12v72.61L318.47 43a48 48 0 0 0-61 0L4.34 251.47a12 12 0 0 0-1.6 16.9l25.5 31A12 12 0 0 0 45.15 301l235.22-193.74a12.19 12.19 0 0 1 15.3 0L530.9 301a12 12 0 0 0 16.9-1.6l25.5-31a12 12 0 0 0-1.7-16.93z\"><\/path><\/svg>\t\t\t\t\t\t<\/span>\n\t\t\t\t\t\t\t\t\t\t<span class=\"elementor-icon-list-text\"> Home &gt;  Company News<\/span>\n\t\t\t\t\t\t\t\t\t\t\t<\/a>\n\t\t\t\t\t\t\t\t\t<\/li>\n\t\t\t\t\t\t<\/ul>\n\t\t\t\t\t\t<\/div>\n\t\t\t\t<\/div>\n\t\t<div class=\"elementor-element elementor-element-ad0cc64 e-con-full e-flex e-con e-parent\" data-id=\"ad0cc64\" data-element_type=\"container\" data-e-type=\"container\">\n\t\t\t\t<div class=\"elementor-element elementor-element-0a6303b elementor-grid-4 elementor-grid-mobile-2 elementor-grid-tablet-2 elementor-posts--thumbnail-top elementor-widget elementor-widget-posts\" data-id=\"0a6303b\" data-element_type=\"widget\" data-e-type=\"widget\" data-settings=\"{&quot;classic_columns&quot;:&quot;4&quot;,&quot;classic_columns_mobile&quot;:&quot;2&quot;,&quot;classic_columns_tablet&quot;:&quot;2&quot;,&quot;classic_row_gap&quot;:{&quot;unit&quot;:&quot;px&quot;,&quot;size&quot;:35,&quot;sizes&quot;:[]},&quot;classic_row_gap_tablet&quot;:{&quot;unit&quot;:&quot;px&quot;,&quot;size&quot;:&quot;&quot;,&quot;sizes&quot;:[]},&quot;classic_row_gap_mobile&quot;:{&quot;unit&quot;:&quot;px&quot;,&quot;size&quot;:&quot;&quot;,&quot;sizes&quot;:[]}}\" data-widget_type=\"posts.classic\">\n\t\t\t\t<div class=\"elementor-widget-container\">\n\t\t\t\t\t\t\t<div class=\"elementor-posts-container elementor-posts elementor-posts--skin-classic elementor-grid\" role=\"list\">\n\t\t\t\t<article class=\"elementor-post elementor-grid-item post-2241 post type-post status-publish format-standard has-post-thumbnail hentry category-uncategorized\" role=\"listitem\">\n\t\t\t\t<a class=\"elementor-post__thumbnail__link\" href=\"https:\/\/pyglass.com\/es\/will-you-join-us-at-canton-fair\/\" tabindex=\"-1\" >\n\t\t\t<div class=\"elementor-post__thumbnail\"><img fetchpriority=\"high\" decoding=\"async\" width=\"500\" height=\"237\" src=\"https:\/\/pyglass.com\/wp-content\/uploads\/2026\/04\/28221776842674_.pic_hd-500x237.jpg\" class=\"attachment-medium size-medium wp-image-2242\" alt=\"\" srcset=\"https:\/\/pyglass.com\/wp-content\/uploads\/2026\/04\/28221776842674_.pic_hd-500x237.jpg 500w, https:\/\/pyglass.com\/wp-content\/uploads\/2026\/04\/28221776842674_.pic_hd-1200x570.jpg 1200w, https:\/\/pyglass.com\/wp-content\/uploads\/2026\/04\/28221776842674_.pic_hd-300x142.jpg 300w, https:\/\/pyglass.com\/wp-content\/uploads\/2026\/04\/28221776842674_.pic_hd-768x365.jpg 768w, https:\/\/pyglass.com\/wp-content\/uploads\/2026\/04\/28221776842674_.pic_hd-1536x729.jpg 1536w, https:\/\/pyglass.com\/wp-content\/uploads\/2026\/04\/28221776842674_.pic_hd-18x9.jpg 18w, https:\/\/pyglass.com\/wp-content\/uploads\/2026\/04\/28221776842674_.pic_hd-600x285.jpg 600w, https:\/\/pyglass.com\/wp-content\/uploads\/2026\/04\/28221776842674_.pic_hd.jpg 1976w\" sizes=\"(max-width: 500px) 100vw, 500px\" \/><\/div>\n\t\t<\/a>\n\t\t\t\t<div class=\"elementor-post__text\">\n\t\t\t\t<h3 class=\"elementor-post__title\">\n\t\t\t<a href=\"https:\/\/pyglass.com\/es\/will-you-join-us-at-canton-fair\/\" >\n\t\t\t\t\u00bfTe unir\u00e1s a nosotros en la Feria de Cant\u00f3n Fase 2 1{#ref-1} para explorar el futuro de la cristaler\u00eda resistente al calor?\t\t\t<\/a>\n\t\t<\/h3>\n\t\t\n\t\t<a class=\"elementor-post__read-more\" href=\"https:\/\/pyglass.com\/es\/will-you-join-us-at-canton-fair\/\" aria-label=\"M\u00e1s informaci\u00f3n sobre Will You Join Us at Canton Fair Phase 2 1{#ref-1} to Explore the Future of Heat-Resistant Glassware?\" tabindex=\"-1\" >\n\t\t\tLeer m\u00e1s \u00bb\t\t<\/a>\n\n\t\t\t\t<\/div>\n\t\t\t\t<\/article>\n\t\t\t\t<article class=\"elementor-post elementor-grid-item post-2046 post type-post status-publish format-standard has-post-thumbnail hentry category-uncategorized\" role=\"listitem\">\n\t\t\t\t<a class=\"elementor-post__thumbnail__link\" href=\"https:\/\/pyglass.com\/es\/top-10-china-glassware-manufacturers-2026\/\" tabindex=\"-1\" >\n\t\t\t<div class=\"elementor-post__thumbnail\"><img decoding=\"async\" width=\"500\" height=\"331\" src=\"https:\/\/pyglass.com\/wp-content\/uploads\/2026\/01\/pyglass_showroom_50kb-500x331.webp\" class=\"attachment-medium size-medium wp-image-942\" alt=\"\" srcset=\"https:\/\/pyglass.com\/wp-content\/uploads\/2026\/01\/pyglass_showroom_50kb-500x331.webp 500w, https:\/\/pyglass.com\/wp-content\/uploads\/2026\/01\/pyglass_showroom_50kb-600x397.webp 600w, https:\/\/pyglass.com\/wp-content\/uploads\/2026\/01\/pyglass_showroom_50kb-1200x794.webp 1200w, https:\/\/pyglass.com\/wp-content\/uploads\/2026\/01\/pyglass_showroom_50kb-300x199.webp 300w, https:\/\/pyglass.com\/wp-content\/uploads\/2026\/01\/pyglass_showroom_50kb-768x508.webp 768w, https:\/\/pyglass.com\/wp-content\/uploads\/2026\/01\/pyglass_showroom_50kb-1536x1017.webp 1536w, https:\/\/pyglass.com\/wp-content\/uploads\/2026\/01\/pyglass_showroom_50kb-113x75.webp 113w, https:\/\/pyglass.com\/wp-content\/uploads\/2026\/01\/pyglass_showroom_50kb-480x318.webp 480w, https:\/\/pyglass.com\/wp-content\/uploads\/2026\/01\/pyglass_showroom_50kb.webp 1600w\" sizes=\"(max-width: 500px) 100vw, 500px\" \/><\/div>\n\t\t<\/a>\n\t\t\t\t<div class=\"elementor-post__text\">\n\t\t\t\t<h3 class=\"elementor-post__title\">\n\t\t\t<a href=\"https:\/\/pyglass.com\/es\/top-10-china-glassware-manufacturers-2026\/\" >\n\t\t\t\tLas 10 principales fabricantes de cristaler\u00eda en China (Edici\u00f3n 2026): \u00bfC\u00f3mo elegir la adecuada?\t\t\t<\/a>\n\t\t<\/h3>\n\t\t\n\t\t<a class=\"elementor-post__read-more\" href=\"https:\/\/pyglass.com\/es\/top-10-china-glassware-manufacturers-2026\/\" aria-label=\"M\u00e1s informaci\u00f3n sobre Top 10 China Glassware Manufacturers (2026 Edition): How Do You Choose the Right One?\" tabindex=\"-1\" >\n\t\t\tLeer m\u00e1s \u00bb\t\t<\/a>\n\n\t\t\t\t<\/div>\n\t\t\t\t<\/article>\n\t\t\t\t<article class=\"elementor-post elementor-grid-item post-991 post type-post status-publish format-standard has-post-thumbnail hentry category-uncategorized\" role=\"listitem\">\n\t\t\t\t<a class=\"elementor-post__thumbnail__link\" href=\"https:\/\/pyglass.com\/es\/10-key-factors-to-consider-when-choosing-a-china-glassware-factory-for-oem-production\/\" tabindex=\"-1\" >\n\t\t\t<div class=\"elementor-post__thumbnail\"><img decoding=\"async\" width=\"500\" height=\"333\" src=\"https:\/\/pyglass.com\/wp-content\/uploads\/2026\/01\/1-2-oem-cda925b8-500x333.jpg\" class=\"attachment-medium size-medium wp-image-993\" alt=\"\" srcset=\"https:\/\/pyglass.com\/wp-content\/uploads\/2026\/01\/1-2-oem-cda925b8-500x333.jpg 500w, https:\/\/pyglass.com\/wp-content\/uploads\/2026\/01\/1-2-oem-cda925b8-300x200.jpg 300w, https:\/\/pyglass.com\/wp-content\/uploads\/2026\/01\/1-2-oem-cda925b8-113x75.jpg 113w, https:\/\/pyglass.com\/wp-content\/uploads\/2026\/01\/1-2-oem-cda925b8-480x320.jpg 480w, https:\/\/pyglass.com\/wp-content\/uploads\/2026\/01\/1-2-oem-cda925b8.jpg 600w\" sizes=\"(max-width: 500px) 100vw, 500px\" \/><\/div>\n\t\t<\/a>\n\t\t\t\t<div class=\"elementor-post__text\">\n\t\t\t\t<h3 class=\"elementor-post__title\">\n\t\t\t<a href=\"https:\/\/pyglass.com\/es\/10-key-factors-to-consider-when-choosing-a-china-glassware-factory-for-oem-production\/\" >\n\t\t\t\t\u00bfCu\u00e1les son los 10 factores clave a considerar al elegir una f\u00e1brica de cristaler\u00eda en China para producci\u00f3n OEM?\t\t\t<\/a>\n\t\t<\/h3>\n\t\t\n\t\t<a class=\"elementor-post__read-more\" href=\"https:\/\/pyglass.com\/es\/10-key-factors-to-consider-when-choosing-a-china-glassware-factory-for-oem-production\/\" aria-label=\"M\u00e1s informaci\u00f3n sobre 10 Key Factors to Consider When Choosing a China Glassware Factory for OEM Production?\" tabindex=\"-1\" >\n\t\t\tLeer m\u00e1s \u00bb\t\t<\/a>\n\n\t\t\t\t<\/div>\n\t\t\t\t<\/article>\n\t\t\t\t<\/div>\n\t\t\n\t\t\t\t\t\t<\/div>\n\t\t\t\t<\/div>\n\t\t\t\t<\/div>\n\t\t\t\t<\/div>","protected":false},"excerpt":{"rendered":"<p>Company News Home &gt; Company News<\/p>","protected":false},"author":2,"featured_media":0,"parent":0,"menu_order":0,"comment_status":"open","ping_status":"closed","template":"elementor_header_footer","meta":{"footnotes":""},"class_list":["post-45","page","type-page","status-publish","hentry"],"_hostinger_reach_plugin_has_subscription_block":false,"_hostinger_reach_plugin_is_elementor":false,"_links":{"self":[{"href":"https:\/\/pyglass.com\/es\/wp-json\/wp\/v2\/pages\/45","targetHints":{"allow":["GET"]}}],"collection":[{"href":"https:\/\/pyglass.com\/es\/wp-json\/wp\/v2\/pages"}],"about":[{"href":"https:\/\/pyglass.com\/es\/wp-json\/wp\/v2\/types\/page"}],"author":[{"embeddable":true,"href":"https:\/\/pyglass.com\/es\/wp-json\/wp\/v2\/users\/2"}],"replies":[{"embeddable":true,"href":"https:\/\/pyglass.com\/es\/wp-json\/wp\/v2\/comments?post=45"}],"version-history":[{"count":34,"href":"https:\/\/pyglass.com\/es\/wp-json\/wp\/v2\/pages\/45\/revisions"}],"predecessor-version":[{"id":2400,"href":"https:\/\/pyglass.com\/es\/wp-json\/wp\/v2\/pages\/45\/revisions\/2400"}],"wp:attachment":[{"href":"https:\/\/pyglass.com\/es\/wp-json\/wp\/v2\/media?parent=45"}],"curies":[{"name":"wp","href":"https:\/\/api.w.org\/{rel}","templated":true}]}}