{"id":1429,"date":"2026-04-16T06:10:06","date_gmt":"2026-04-16T06:10:06","guid":{"rendered":"https:\/\/pyglass.com\/?post_type=product&#038;p=1429"},"modified":"2026-04-18T02:43:43","modified_gmt":"2026-04-18T02:43:43","slug":"best-nesting-glass-food-storage-containers-lids-set-7-wholesale-glass-food-storage-containers-pyglass","status":"publish","type":"product","link":"https:\/\/pyglass.com\/es\/producto\/best-nesting-glass-food-storage-containers-lids-set-7-wholesale-glass-food-storage-containers-pyglass\/","title":{"rendered":"Los mejores recipientes de vidrio para alimentos con tapas que se anidan \u2013 Set de 7 | Recipientes de vidrio para alimentos al por mayor de PYGLASS"},"content":{"rendered":"<p data-start=\"180\" data-end=\"465\">Descubre el equilibrio perfecto entre funcionalidad, dise\u00f1o y sostenibilidad con los contenedores de almacenamiento de alimentos de vidrio apilables PYGLASS. Este set de 7 piezas est\u00e1 fabricado con vidrio de borosilicato de alta calidad y dise\u00f1ado para satisfacer las necesidades de cocinas modernas, marcas minoristas y consumidores ecol\u00f3gicos.<\/p>\n<p data-start=\"467\" data-end=\"677\">Con su estructura de apilamiento que ahorra espacio, fondo texturizado innovador y rendimiento de sellado herm\u00e9tico, esta colecci\u00f3n ofrece una soluci\u00f3n pr\u00e1ctica y premium para el almacenamiento diario de alimentos y la organizaci\u00f3n de la cocina.<\/p>\n<hr data-start=\"679\" data-end=\"682\" \/>\n<h2 style=\"text-align: center;\" data-section-id=\"xurm6u\" data-start=\"684\" data-end=\"723\">Dise\u00f1o innovador de fondo texturizado<\/h2>\n<p data-start=\"725\" data-end=\"1010\">Experimenta el exclusivo dise\u00f1o de fondo texturizado de PYGLASS, equipado con surcos sutiles que elevan ligeramente los alimentos desde la base. Esta caracter\u00edstica promueve una distribuci\u00f3n m\u00e1s uniforme del calor durante el recalentamiento y ayuda a reducir que se peguen, facilitando la limpieza y mejorando la experiencia del usuario.<\/p>\n<p data-start=\"1012\" data-end=\"1153\">La textura \u00fanica tambi\u00e9n a\u00f1ade un detalle visual refinado, realzando la apariencia premium del producto mientras mantiene un estilo limpio y minimalista.<\/p>\n<hr data-start=\"1155\" data-end=\"1158\" \/>\n<h2 style=\"text-align: center;\" data-section-id=\"zibdjv\" data-start=\"1160\" data-end=\"1196\">Estructura de apilamiento que ahorra espacio<\/h2>\n<p data-start=\"1198\" data-end=\"1396\">Dise\u00f1ados para un almacenamiento eficiente, estos contenedores de vidrio apilables encajan perfectamente unos dentro de otros cuando no se usan, reduciendo significativamente los requisitos de espacio en armarios, frigor\u00edficos y despensas.<\/p>\n<p data-start=\"1398\" data-end=\"1621\">Cuando est\u00e1n en uso, los contenedores pueden apilarse de forma segura, ofreciendo una soluci\u00f3n de almacenamiento sin desorden. El vidrio transparente permite una f\u00e1cil visibilidad del contenido, ayudando a los usuarios a identificar r\u00e1pidamente los alimentos almacenados sin abrir las tapas.<\/p>\n<hr data-start=\"1623\" data-end=\"1626\" \/>\n<h2 style=\"text-align: center;\" data-section-id=\"1o5eoiy\" data-start=\"1628\" data-end=\"1666\">Herm\u00e9tico, ecol\u00f3gico y seguro<\/h2>\n<p data-start=\"1668\" data-end=\"1873\">Fabricados por PYGLASS, un proveedor de cristaler\u00eda confiable con m\u00e1s de 15 a\u00f1os de experiencia, estos contenedores est\u00e1n hechos de vidrio de borosilicato duradero, ecol\u00f3gico, reutilizable y dise\u00f1ado para un uso a largo plazo.<\/p>\n<p data-start=\"1875\" data-end=\"2156\">Cada contenedor est\u00e1 equipado con un sistema de tapa segura para proporcionar un sellado herm\u00e9tico, ayudando a preservar la frescura de los alimentos y prevenir la contaminaci\u00f3n. Todos los materiales cumplen con las normas internacionales de seguridad alimentaria, incluyendo certificaciones FDA y LFGB, garantizando un uso seguro en mercados globales.<\/p>\n<hr data-start=\"2158\" data-end=\"2161\" \/>\n<h2 style=\"text-align: center;\" data-section-id=\"1vo3ecb\" data-start=\"2163\" data-end=\"2207\">Dise\u00f1ado para comercio minorista y mayorista moderno<\/h2>\n<p data-start=\"2209\" data-end=\"2470\">Este set de 7 piezas es ideal para supermercados, marcas de utensilios de cocina y plataformas de comercio electr\u00f3nico que buscan un producto confiable y listo para el mercado. Su combinaci\u00f3n de funcionalidad, atractivo visual y posicionamiento sostenible lo hace altamente competitivo en el mercado actual.<\/p>\n<p data-start=\"2472\" data-end=\"2619\">Con opciones flexibles de OEM\/ODM, PYGLASS apoya la personalizaci\u00f3n de marca, embalaje y configuraciones de productos para ayudarte a construir tu propia l\u00ednea de productos.<\/p>\n<hr data-start=\"2621\" data-end=\"2624\" \/>\n<h2 style=\"text-align: center;\" data-section-id=\"eq3ql3\" data-start=\"2626\" data-end=\"2650\">Por qu\u00e9 elegir PYGLASS<\/h2>\n<ul data-start=\"2652\" data-end=\"2962\">\n<li data-section-id=\"19oe6o3\" data-start=\"2652\" data-end=\"2707\">Experiencia de fabricaci\u00f3n de vidrio de borosilicato de primera categor\u00eda<\/li>\n<li data-section-id=\"12xmq2s\" data-start=\"2708\" data-end=\"2775\">Sistema de control de calidad probado con certificaciones internacionales<\/li>\n<li data-section-id=\"196xpi4\" data-start=\"2776\" data-end=\"2833\">Amplia experiencia sirviendo a minoristas y marcas globales<\/li>\n<li data-section-id=\"1gnw73g\" data-start=\"2834\" data-end=\"2893\">Soporte de personalizaci\u00f3n para pedidos de marca privada y en volumen<\/li>\n<li data-section-id=\"12pbnah\" data-start=\"2894\" data-end=\"2962\">Soluciones de embalaje dise\u00f1adas para reducir roturas durante el transporte<\/li>\n<\/ul>","protected":false},"excerpt":{"rendered":"<p><strong>Dise\u00f1o innovador de fondo texturizado<\/strong><\/p>\n<p>Experimenta el dise\u00f1o original de fondo texturizado de PYGLASS \u2014 surcos sutiles elevan ligeramente los alimentos desde la base para una cocci\u00f3n uniforme y evitan que se peguen. Ideal para asar a la parrilla o recalentar, este dise\u00f1o combina funcionalidad con un aspecto moderno y minimalista.<\/p>\n<p><strong>Estructura de apilamiento que ahorra espacio<\/strong><\/p>\n<p>Estos mejores contenedores de almacenamiento de alimentos de vidrio con tapas encajan perfectamente unos dentro de otros para maximizar el espacio en la cocina. Ap\u00edlalos en tu armario, frigor\u00edfico o despensa sin desorden y disfruta de una visibilidad cristalina para rastrear f\u00e1cilmente tus comidas almacenadas.<\/p>\n<p><strong>Herm\u00e9tico, ecol\u00f3gico y seguro<\/strong><\/p>\n<p>Fabricados por PYGLASS, una de las 10 principales empresas de vidrio en China, estos contenedores de alimentos de vidrio herm\u00e9ticos utilizan vidrio de borosilicato ecol\u00f3gico que es duradero, reutilizable y certificado por la FDA\/LFGB \u2014 perfectos para un almacenamiento de alimentos sostenible y seguro en cualquier cocina moderna.<\/p>","protected":false},"featured_media":1441,"comment_status":"closed","ping_status":"closed","template":"","meta":[],"product_brand":[],"product_cat":[34],"product_tag":[52],"class_list":{"0":"post-1429","1":"product","2":"type-product","3":"status-publish","4":"has-post-thumbnail","6":"product_cat-glass-food-storage","7":"product_tag-best-nesting-glass-food-storage-containers","9":"first","10":"instock","11":"sale","12":"shipping-taxable","13":"purchasable","14":"product-type-simple"},"_links":{"self":[{"href":"https:\/\/pyglass.com\/es\/wp-json\/wp\/v2\/product\/1429","targetHints":{"allow":["GET"]}}],"collection":[{"href":"https:\/\/pyglass.com\/es\/wp-json\/wp\/v2\/product"}],"about":[{"href":"https:\/\/pyglass.com\/es\/wp-json\/wp\/v2\/types\/product"}],"replies":[{"embeddable":true,"href":"https:\/\/pyglass.com\/es\/wp-json\/wp\/v2\/comments?post=1429"}],"version-history":[{"count":5,"href":"https:\/\/pyglass.com\/es\/wp-json\/wp\/v2\/product\/1429\/revisions"}],"predecessor-version":[{"id":2017,"href":"https:\/\/pyglass.com\/es\/wp-json\/wp\/v2\/product\/1429\/revisions\/2017"}],"wp:featuredmedia":[{"embeddable":true,"href":"https:\/\/pyglass.com\/es\/wp-json\/wp\/v2\/media\/1441"}],"wp:attachment":[{"href":"https:\/\/pyglass.com\/es\/wp-json\/wp\/v2\/media?parent=1429"}],"wp:term":[{"taxonomy":"product_brand","embeddable":true,"href":"https:\/\/pyglass.com\/es\/wp-json\/wp\/v2\/product_brand?post=1429"},{"taxonomy":"product_cat","embeddable":true,"href":"https:\/\/pyglass.com\/es\/wp-json\/wp\/v2\/product_cat?post=1429"},{"taxonomy":"product_tag","embeddable":true,"href":"https:\/\/pyglass.com\/es\/wp-json\/wp\/v2\/product_tag?post=1429"}],"curies":[{"name":"wp","href":"https:\/\/api.w.org\/{rel}","templated":true}]}}