{"id":1513,"date":"2026-04-17T01:27:42","date_gmt":"2026-04-17T01:27:42","guid":{"rendered":"https:\/\/pyglass.com\/?post_type=product&#038;p=1513"},"modified":"2026-04-17T02:12:42","modified_gmt":"2026-04-17T02:12:42","slug":"divided-glass-container-green-lid-eco-friendly-airtight-versatile-food-storage","status":"publish","type":"product","link":"https:\/\/pyglass.com\/es\/producto\/divided-glass-container-green-lid-eco-friendly-airtight-versatile-food-storage\/","title":{"rendered":"Contenedor de vidrio dividido con tapa verde \u2013 Ecol\u00f3gico, herm\u00e9tico, vers\u00e1til para almacenamiento de alimentos"},"content":{"rendered":"","protected":false},"excerpt":{"rendered":"<p>Unlock sustainable food storage solutions with PIELOCK&#8217;s Divided Glass Container featuring a green lid. Engineered for leak-proof performance and multi-purpose use, our container is crafted from eco-friendly, heat-resistant glass. A top choice for B2B clients focused on quality and versatility. Customization options available<\/p>","protected":false},"featured_media":1519,"comment_status":"closed","ping_status":"closed","template":"","meta":[],"product_brand":[],"product_cat":[34],"product_tag":[61],"class_list":{"0":"post-1513","1":"product","2":"type-product","3":"status-publish","4":"has-post-thumbnail","6":"product_cat-glass-food-storage","7":"product_tag-divided-glass-container","9":"first","10":"instock","11":"sale","12":"shipping-taxable","13":"purchasable","14":"product-type-simple"},"_links":{"self":[{"href":"https:\/\/pyglass.com\/es\/wp-json\/wp\/v2\/product\/1513","targetHints":{"allow":["GET"]}}],"collection":[{"href":"https:\/\/pyglass.com\/es\/wp-json\/wp\/v2\/product"}],"about":[{"href":"https:\/\/pyglass.com\/es\/wp-json\/wp\/v2\/types\/product"}],"replies":[{"embeddable":true,"href":"https:\/\/pyglass.com\/es\/wp-json\/wp\/v2\/comments?post=1513"}],"version-history":[{"count":2,"href":"https:\/\/pyglass.com\/es\/wp-json\/wp\/v2\/product\/1513\/revisions"}],"predecessor-version":[{"id":1873,"href":"https:\/\/pyglass.com\/es\/wp-json\/wp\/v2\/product\/1513\/revisions\/1873"}],"wp:featuredmedia":[{"embeddable":true,"href":"https:\/\/pyglass.com\/es\/wp-json\/wp\/v2\/media\/1519"}],"wp:attachment":[{"href":"https:\/\/pyglass.com\/es\/wp-json\/wp\/v2\/media?parent=1513"}],"wp:term":[{"taxonomy":"product_brand","embeddable":true,"href":"https:\/\/pyglass.com\/es\/wp-json\/wp\/v2\/product_brand?post=1513"},{"taxonomy":"product_cat","embeddable":true,"href":"https:\/\/pyglass.com\/es\/wp-json\/wp\/v2\/product_cat?post=1513"},{"taxonomy":"product_tag","embeddable":true,"href":"https:\/\/pyglass.com\/es\/wp-json\/wp\/v2\/product_tag?post=1513"}],"curies":[{"name":"wp","href":"https:\/\/api.w.org\/{rel}","templated":true}]}}