{"id":2011,"date":"2026-04-18T02:23:00","date_gmt":"2026-04-18T02:23:00","guid":{"rendered":"https:\/\/pyglass.com\/?post_type=product&#038;p=2011"},"modified":"2026-04-18T02:23:00","modified_gmt":"2026-04-18T02:23:00","slug":"nesting-borosilicate-glass-food-storage-containers-bamboo-lds-airtight-stackable-set-7-pyglass-wholesale","status":"publish","type":"product","link":"https:\/\/pyglass.com\/es\/producto\/nesting-borosilicate-glass-food-storage-containers-bamboo-lds-airtight-stackable-set-7-pyglass-wholesale\/","title":{"rendered":"Contenedores de almacenamiento de alimentos de vidrio borosilicato apilables con tapas de bamb\u00fa \u2013 Juego herm\u00e9tico y apilable de 7 | PYGLASS Mayorista"},"content":{"rendered":"<p data-start=\"84\" data-end=\"367\">Mejora la organizaci\u00f3n de tu cocina con este conjunto premium de contenedores de almacenamiento de alimentos de vidrio borosilicato apilables. Dise\u00f1ado con tapas de bamb\u00fa natural y una est\u00e9tica moderna y limpia, este conjunto combina funcionalidad con un aspecto de alta gama, ideal tanto para uso dom\u00e9stico como para mercados minoristas.<\/p>\n<p data-start=\"369\" data-end=\"535\">Los contenedores est\u00e1n dise\u00f1ados para almacenamiento de alimentos secos, organizaci\u00f3n de despensa y uso diario en la cocina, ofreciendo una alternativa sostenible y reutilizable a los contenedores de pl\u00e1stico.<\/p>\n<hr data-start=\"537\" data-end=\"540\" \/>\n<h2 style=\"text-align: center;\" data-section-id=\"1y8un7j\" data-start=\"542\" data-end=\"560\">Caracter\u00edsticas principales<\/h2>\n<p data-start=\"562\" data-end=\"786\"><strong data-start=\"562\" data-end=\"590\">Tapas de bamb\u00fa ecol\u00f3gicas<\/strong><br data-start=\"590\" data-end=\"593\" \/>Las tapas de bamb\u00fa natural ofrecen una apariencia c\u00e1lida y de alta calidad, adem\u00e1s de apoyar el posicionamiento de producto sostenible. Cada tapa cuenta con una junta de silicona para garantizar un sellado herm\u00e9tico para el almacenamiento de alimentos secos.<\/p>\n<p data-start=\"788\" data-end=\"973\"><strong data-start=\"788\" data-end=\"823\">Vidrio de borosilicato de alta calidad<\/strong><br data-start=\"823\" data-end=\"826\" \/>El cuerpo de vidrio es resistente al calor, duradero y seguro para el contacto con alimentos. No absorbe olores ni manchas, asegurando un uso prolongado y f\u00e1cil limpieza.<\/p>\n<p data-start=\"975\" data-end=\"1210\"><strong data-start=\"975\" data-end=\"1005\">Dise\u00f1o de nesting y apilable<\/strong><br data-start=\"1005\" data-end=\"1008\" \/>Los contenedores est\u00e1n dise\u00f1ados para anidarse entre s\u00ed cuando no se usan, ahorrando espacio de almacenamiento. Cuando est\u00e1n llenos, pueden apilarse de forma segura, lo que los hace ideales para estantes de cocina organizados y exhibiciones minoristas.<\/p>\n<p data-start=\"1212\" data-end=\"1402\"><strong data-start=\"1212\" data-end=\"1246\">Apariencia moderna y minimalista<\/strong><br data-start=\"1246\" data-end=\"1249\" \/>El vidrio transparente combinado con bamb\u00fa natural crea un atractivo visual premium, muy adecuado para marcas de utensilios de cocina de alta gama y mercados orientados al estilo de vida.<\/p>\n<hr data-start=\"1404\" data-end=\"1407\" \/>\n<h2 style=\"text-align: center;\" data-section-id=\"jjokay\" data-start=\"1409\" data-end=\"1437\">Especificaciones del producto<\/h2>\n<ul data-start=\"1439\" data-end=\"1799\">\n<li data-section-id=\"dd5yld\" data-start=\"1439\" data-end=\"1500\">Material: Vidrio de borosilicato + Tapa de bamb\u00fa + Sello de silicona<\/li>\n<li data-section-id=\"1vi301x\" data-start=\"1501\" data-end=\"1552\">Configuraci\u00f3n del conjunto: juego de 7 piezas (varios tama\u00f1os)<\/li>\n<li data-section-id=\"30bnr3\" data-start=\"1553\" data-end=\"1575\">Forma: Rectangular<\/li>\n<li data-section-id=\"835sif\" data-start=\"1576\" data-end=\"1624\">Resistencia a la temperatura del vidrio: -20\u00b0C a 400\u00b0C<\/li>\n<li data-section-id=\"1ne8zsl\" data-start=\"1625\" data-end=\"1687\">Uso de la tapa: No apto para microondas, horno o lavavajillas<\/li>\n<li data-section-id=\"4wkch4\" data-start=\"1688\" data-end=\"1759\">Aplicaci\u00f3n: Almacenamiento de alimentos secos, organizaci\u00f3n de despensa, almacenamiento en cocina<\/li>\n<li data-section-id=\"1wd5cg6\" data-start=\"1760\" data-end=\"1799\">Certificaci\u00f3n: Cumplimiento con FDA \/ LFGB<\/li>\n<\/ul>\n<hr data-start=\"1801\" data-end=\"1804\" \/>\n<h2 style=\"text-align: center;\" data-section-id=\"1vrj3ew\" data-start=\"1806\" data-end=\"1833\">Escenarios de aplicaci\u00f3n<\/h2>\n<p data-start=\"1835\" data-end=\"1868\">Perfecto para una amplia gama de usos:<\/p>\n<ul data-start=\"1870\" data-end=\"2062\">\n<li data-section-id=\"1hsi1fr\" data-start=\"1870\" data-end=\"1918\">Almacenamiento en despensa (cereales, caf\u00e9, t\u00e9, snacks)<\/li>\n<li data-section-id=\"1skhxg3\" data-start=\"1919\" data-end=\"1951\">Sistemas de organizaci\u00f3n en la cocina<\/li>\n<li data-section-id=\"19a2rbq\" data-start=\"1952\" data-end=\"1988\">Tiendas minoristas de hogar y estilo de vida<\/li>\n<li data-section-id=\"16uffhe\" data-start=\"1989\" data-end=\"2022\">Marcas de utensilios de cocina en comercio electr\u00f3nico<\/li>\n<li data-section-id=\"xnu8qr\" data-start=\"2023\" data-end=\"2062\">Conjuntos de regalo y l\u00edneas de productos premium<\/li>\n<\/ul>\n<hr data-start=\"2064\" data-end=\"2067\" \/>\n<h2 style=\"text-align: center;\" data-section-id=\"119fp1p\" data-start=\"2069\" data-end=\"2106\">Opciones de personalizaci\u00f3n (OEM\/ODM)<\/h2>\n<p data-start=\"2108\" data-end=\"2178\">Apoyamos la personalizaci\u00f3n flexible para satisfacer las necesidades de tu marca y mercado:<\/p>\n<ul data-start=\"2180\" data-end=\"2389\">\n<li data-section-id=\"1txems9\" data-start=\"2180\" data-end=\"2225\">Grabado o impresi\u00f3n del logo en tapas de bamb\u00fa<\/li>\n<li data-section-id=\"1bujyl7\" data-start=\"2226\" data-end=\"2257\">Formas y tama\u00f1os personalizados de tapas<\/li>\n<li data-section-id=\"1c4ep3f\" data-start=\"2258\" data-end=\"2299\">Dise\u00f1o de embalaje en caja de regalo \/ caja de colores<\/li>\n<li data-section-id=\"1on19no\" data-start=\"2300\" data-end=\"2361\">Personalizaci\u00f3n de combinaciones de conjuntos (3 piezas \/ 5 piezas \/ 7 piezas \/ m\u00e1s)<\/li>\n<li data-section-id=\"tc3he1\" data-start=\"2362\" data-end=\"2389\">Soluciones de marca privada<\/li>\n<\/ul>\n<hr data-start=\"2391\" data-end=\"2394\" \/>\n<h2 style=\"text-align: center;\" data-section-id=\"1nuvhel\" data-start=\"2396\" data-end=\"2434\">Ventajas en embalaje y log\u00edstica<\/h2>\n<ul data-start=\"2436\" data-end=\"2647\">\n<li data-section-id=\"mqgyjc\" data-start=\"2436\" data-end=\"2494\">Embalaje protector dise\u00f1ado para reducir la rotura de vidrio<\/li>\n<li data-section-id=\"735ee0\" data-start=\"2495\" data-end=\"2552\">Estructura de cart\u00f3n optimizada para apilamiento y transporte<\/li>\n<li data-section-id=\"1kf0g5d\" data-start=\"2553\" data-end=\"2604\">Adecuado para comercio electr\u00f3nico y distribuci\u00f3n minorista<\/li>\n<li data-section-id=\"1nekx3o\" data-start=\"2605\" data-end=\"2647\">Capacidad de suministro estable para pedidos al por mayor<\/li>\n<\/ul>\n<hr data-start=\"2649\" data-end=\"2652\" \/>\n<h2 style=\"text-align: center;\" data-section-id=\"1dm9ks3\" data-start=\"2654\" data-end=\"2687\">Por qu\u00e9 este producto se vende bien<\/h2>\n<ul data-start=\"2689\" data-end=\"2913\">\n<li data-section-id=\"bflv59\" data-start=\"2689\" data-end=\"2736\">Ccreciente demanda de utensilios de cocina ecol\u00f3gicos<\/li>\n<li data-section-id=\"1877mjk\" data-start=\"2737\" data-end=\"2801\">Fuerte atractivo visual para estantes minoristas y plataformas en l\u00ednea<\/li>\n<li data-section-id=\"1imyuhf\" data-start=\"2802\" data-end=\"2857\">Dise\u00f1o pr\u00e1ctico de anidaci\u00f3n que reduce quejas de almacenamiento<\/li>\n<li data-section-id=\"vokqin\" data-start=\"2858\" data-end=\"2913\">Adecuado para posicionamiento premium y m\u00e1rgenes m\u00e1s altos<\/li>\n<\/ul>","protected":false},"excerpt":{"rendered":"<p><strong data-start=\"2\" data-end=\"53\" data-is-only-node=\"\">Vidrio de borosilicato de alta calidad y tapa de bamb\u00fa natural<\/strong><br data-start=\"53\" data-end=\"56\" \/>Fabricados con vidrio duradero y resistente al calor, combinado con tapas de bamb\u00fa ecol\u00f3gicas, ofreciendo una soluci\u00f3n segura y elegante para el almacenamiento moderno en la cocina.<\/p>\n<p><strong data-start=\"204\" data-end=\"235\" data-is-only-node=\"\">Sellado herm\u00e9tico para la frescura<\/strong><br data-start=\"235\" data-end=\"238\" \/>Cada tapa est\u00e1 equipada con una junta de silicona para proporcionar un sellado herm\u00e9tico, ayudando a mantener los alimentos secos frescos y protegi\u00e9ndolos contra la humedad.<\/p>\n<p><strong data-start=\"377\" data-end=\"407\" data-is-only-node=\"\">Dise\u00f1o apilable y de nesting<\/strong><br data-start=\"407\" data-end=\"410\" \/>Dise\u00f1ados para un almacenamiento que ahorra espacio, los contenedores pueden apilarse o anidarse ordenadamente, lo que los hace ideales para cocinas organizadas y exhibiciones minoristas.<\/p>","protected":false},"featured_media":2009,"comment_status":"open","ping_status":"closed","template":"","meta":[],"product_brand":[],"product_cat":[34],"product_tag":[88],"class_list":{"0":"post-2011","1":"product","2":"type-product","3":"status-publish","4":"has-post-thumbnail","6":"product_cat-glass-food-storage","7":"product_tag-premium-borosilicate-glass","9":"first","10":"instock","11":"sale","12":"shipping-taxable","13":"purchasable","14":"product-type-simple"},"_links":{"self":[{"href":"https:\/\/pyglass.com\/es\/wp-json\/wp\/v2\/product\/2011","targetHints":{"allow":["GET"]}}],"collection":[{"href":"https:\/\/pyglass.com\/es\/wp-json\/wp\/v2\/product"}],"about":[{"href":"https:\/\/pyglass.com\/es\/wp-json\/wp\/v2\/types\/product"}],"replies":[{"embeddable":true,"href":"https:\/\/pyglass.com\/es\/wp-json\/wp\/v2\/comments?post=2011"}],"version-history":[{"count":1,"href":"https:\/\/pyglass.com\/es\/wp-json\/wp\/v2\/product\/2011\/revisions"}],"predecessor-version":[{"id":2012,"href":"https:\/\/pyglass.com\/es\/wp-json\/wp\/v2\/product\/2011\/revisions\/2012"}],"wp:featuredmedia":[{"embeddable":true,"href":"https:\/\/pyglass.com\/es\/wp-json\/wp\/v2\/media\/2009"}],"wp:attachment":[{"href":"https:\/\/pyglass.com\/es\/wp-json\/wp\/v2\/media?parent=2011"}],"wp:term":[{"taxonomy":"product_brand","embeddable":true,"href":"https:\/\/pyglass.com\/es\/wp-json\/wp\/v2\/product_brand?post=2011"},{"taxonomy":"product_cat","embeddable":true,"href":"https:\/\/pyglass.com\/es\/wp-json\/wp\/v2\/product_cat?post=2011"},{"taxonomy":"product_tag","embeddable":true,"href":"https:\/\/pyglass.com\/es\/wp-json\/wp\/v2\/product_tag?post=2011"}],"curies":[{"name":"wp","href":"https:\/\/api.w.org\/{rel}","templated":true}]}}