{"id":2217,"date":"2026-04-22T07:04:54","date_gmt":"2026-04-22T07:04:54","guid":{"rendered":"https:\/\/pyglass.com\/?post_type=product&#038;p=2217"},"modified":"2026-04-22T07:04:54","modified_gmt":"2026-04-22T07:04:54","slug":"modular-glass-food-storage-containers-with-one-touch-airtight-lid-leak-proof-borosilicate-glass-wholesale","status":"publish","type":"product","link":"https:\/\/pyglass.com\/es\/producto\/modular-glass-food-storage-containers-with-one-touch-airtight-lid-leak-proof-borosilicate-glass-wholesale\/","title":{"rendered":"Contenedores modulares de vidrio para alimentos con tapa herm\u00e9tica de un toque | Vidrio de borosilicato a prueba de fugas al por mayor"},"content":{"rendered":"<h2 data-section-id=\"xa2ss0\" data-start=\"123\" data-end=\"185\">Sistema modular de 14 piezas para expansi\u00f3n completa de la l\u00ednea de productos<\/h2>\n<p data-start=\"187\" data-end=\"728\">Este conjunto de contenedores de vidrio para alimentos modulares de 14 piezas est\u00e1 dise\u00f1ado para ayudar a los compradores a construir una l\u00ednea de productos completa y competitiva con un solo SKU. La combinaci\u00f3n de m\u00faltiples tama\u00f1os permite un almacenamiento flexible para diferentes tipos de alimentos, adem\u00e1s de hacerlo ideal para agrupaciones minoristas y empaques promocionales. En comparaci\u00f3n con productos de un solo art\u00edculo, un conjunto completo aumenta el valor percibido, mejora la presencia en estanter\u00edas y ayuda a los minoristas a lograr precios de venta promedio m\u00e1s altos en supermercados, plataformas de comercio electr\u00f3nico y canales de distribuci\u00f3n de utensilios de cocina.<\/p>\n<p data-start=\"187\" data-end=\"728\">\n<figure id=\"attachment_2214\" aria-describedby=\"caption-attachment-2214\" style=\"width: 500px\" class=\"wp-caption aligncenter\"><img fetchpriority=\"high\" decoding=\"async\" class=\"wp-image-2214 size-medium\" src=\"https:\/\/pyglass.com\/wp-content\/uploads\/2026\/04\/glass-food-containers-set-500x500.webp\" alt=\"Set of glass food storage containers with white lids and blue accents containing various foods like salmon, lemons, and strawberries.\" width=\"500\" height=\"500\" srcset=\"https:\/\/pyglass.com\/wp-content\/uploads\/2026\/04\/glass-food-containers-set-500x500.webp 500w, https:\/\/pyglass.com\/wp-content\/uploads\/2026\/04\/glass-food-containers-set-300x300.webp 300w, https:\/\/pyglass.com\/wp-content\/uploads\/2026\/04\/glass-food-containers-set-12x12.webp 12w, https:\/\/pyglass.com\/wp-content\/uploads\/2026\/04\/glass-food-containers-set-600x600.webp 600w, https:\/\/pyglass.com\/wp-content\/uploads\/2026\/04\/glass-food-containers-set-100x100.webp 100w, https:\/\/pyglass.com\/wp-content\/uploads\/2026\/04\/glass-food-containers-set.webp 750w\" sizes=\"(max-width: 500px) 100vw, 500px\" \/><figcaption id=\"caption-attachment-2214\" class=\"wp-caption-text\">Contenedores de alimentos de vidrio Pyglass exhibidos con una variedad de alimentos frescos.<\/figcaption><\/figure>\n<p>&nbsp;<\/p>\n<hr data-start=\"730\" data-end=\"733\" \/>\n<h2 data-section-id=\"110dd92\" data-start=\"735\" data-end=\"795\">Sellado herm\u00e9tico de un toque para una experiencia de usuario simplificada<\/h2>\n<p data-start=\"797\" data-end=\"1317\">El mecanismo de sellado herm\u00e9tico de un toque integrado ofrece una alternativa simplificada a las tapas de bloqueo con clips tradicionales. Con un dise\u00f1o de presi\u00f3n central para bloquear, los usuarios pueden abrir y cerrar f\u00e1cilmente el recipiente con una sola mano, eliminando las molestias y riesgos de rotura asociados con los clips de bloqueo externos. Esta estructura no solo mejora la usabilidad diaria, sino que tambi\u00e9n garantiza un rendimiento m\u00e1s consistente a largo plazo, ayudando a los compradores a reducir problemas postventa, minimizar devoluciones de productos y mantener una mayor satisfacci\u00f3n del cliente.<\/p>\n<figure id=\"attachment_2216\" aria-describedby=\"caption-attachment-2216\" style=\"width: 500px\" class=\"wp-caption aligncenter\"><img decoding=\"async\" class=\"wp-image-2216 size-medium\" src=\"https:\/\/pyglass.com\/wp-content\/uploads\/2026\/04\/hand-holding-glass-dish-liquid-500x500.webp\" alt=\"A hand holding a clear glass dish partially filled with orange liquid, shown against a white background.\" width=\"500\" height=\"500\" srcset=\"https:\/\/pyglass.com\/wp-content\/uploads\/2026\/04\/hand-holding-glass-dish-liquid-500x500.webp 500w, https:\/\/pyglass.com\/wp-content\/uploads\/2026\/04\/hand-holding-glass-dish-liquid-300x300.webp 300w, https:\/\/pyglass.com\/wp-content\/uploads\/2026\/04\/hand-holding-glass-dish-liquid-12x12.webp 12w, https:\/\/pyglass.com\/wp-content\/uploads\/2026\/04\/hand-holding-glass-dish-liquid-600x600.webp 600w, https:\/\/pyglass.com\/wp-content\/uploads\/2026\/04\/hand-holding-glass-dish-liquid-100x100.webp 100w, https:\/\/pyglass.com\/wp-content\/uploads\/2026\/04\/hand-holding-glass-dish-liquid.webp 750w\" sizes=\"(max-width: 500px) 100vw, 500px\" \/><figcaption id=\"caption-attachment-2216\" class=\"wp-caption-text\">Una mano sosteniendo un plato de vidrio transparente que contiene l\u00edquido naranja, demostrando su dise\u00f1o ligero.<\/figcaption><\/figure>\n<p>&nbsp;<\/p>\n<hr data-start=\"1319\" data-end=\"1322\" \/>\n<h2 data-section-id=\"5c2eye\" data-start=\"1324\" data-end=\"1375\">Rendimiento confiable a prueba de fugas para uso diario<\/h2>\n<p data-start=\"1377\" data-end=\"1853\">El rendimiento a prueba de fugas es un requisito clave para el almacenamiento moderno de alimentos, y este producto est\u00e1 dise\u00f1ado para ofrecer un sellado confiable incluso al manipular l\u00edquidos. Como se demuestra en escenarios de uso real, la estructura herm\u00e9tica previene fugas durante el transporte y almacenamiento, lo que lo hace adecuado para preparaci\u00f3n de comidas, aplicaciones para llevar y uso dom\u00e9stico diario. Este nivel de fiabilidad es fundamental para minoristas y marcas que buscan reducir quejas y generar confianza con los consumidores finales.<\/p>\n<hr data-start=\"1855\" data-end=\"1858\" \/>\n<h2 data-section-id=\"1r94osk\" data-start=\"1860\" data-end=\"1913\">Base de vidrio texturizado para diferenciaci\u00f3n funcional<\/h2>\n<p data-start=\"1915\" data-end=\"2459\">Para diferenciar a\u00fan m\u00e1s el producto en un mercado competitivo, los contenedores cuentan con un dise\u00f1o \u00fanico de base de vidrio texturizado. Esta estructura de patr\u00f3n de ondas mejora el agarre y la seguridad en el manejo, adem\u00e1s de mejorar la distribuci\u00f3n del calor durante el uso en microondas o horno. Adem\u00e1s, ayuda a prevenir que los alimentos se peguen a la superficie, a\u00f1adiendo valor funcional m\u00e1s all\u00e1 de los contenedores de fondo plano est\u00e1ndar. Combinado con una est\u00e9tica limpia y moderna, este dise\u00f1o crea una identidad visual fuerte que funciona bien tanto en listados en l\u00ednea como en entornos minoristas f\u00edsicos.<\/p>\n<hr data-start=\"2461\" data-end=\"2464\" \/>\n<h2 data-section-id=\"15rm2k5\" data-start=\"2466\" data-end=\"2516\">Material Premium y OEM-Listo para Mercados Globales<\/h2>\n<p data-start=\"2518\" data-end=\"3053\">Fabricados con vidrio de borosilicato de primera calidad, los envases ofrecen una excelente resistencia al choque t\u00e9rmico y son seguros para su uso en microondas, horno, congelador y lavavajillas. Todos los productos cumplen con las normas internacionales de seguridad alimentaria, incluyendo FDA, LFGB y DGCCRF, y se producen en instalaciones auditadas con certificaci\u00f3n ISO9001 y BSCI. Con soporte completo para personalizaci\u00f3n OEM, incluyendo logotipo, color de tapa, embalaje y configuraci\u00f3n del conjunto, este producto est\u00e1 listo para desarrollo de marca propia y cooperaci\u00f3n mayorista a largo plazo.<\/p>\n<hr data-start=\"2461\" data-end=\"2464\" \/>\n<p data-start=\"2518\" data-end=\"3053\">","protected":false},"excerpt":{"rendered":"<p><strong data-start=\"481\" data-end=\"512\">Dise\u00f1o de conjunto modular de 14 piezas<\/strong> \u2013 M\u00faltiples tama\u00f1os para almacenamiento flexible y mayor valor minorista<\/p>\n<p><strong data-start=\"579\" data-end=\"609\">Sellado herm\u00e9tico de un toque<\/strong> \u2013 Rendimiento a prueba de fugas con mecanismo de bloqueo por presi\u00f3n f\u00e1cil<\/p>\n<p><strong data-start=\"673\" data-end=\"704\">Personalizaci\u00f3n OEM disponible<\/strong> \u2013 Se admite logotipo, color, embalaje y configuraci\u00f3n del conjunto<\/p>","protected":false},"featured_media":2215,"comment_status":"open","ping_status":"closed","template":"","meta":[],"product_brand":[],"product_cat":[34],"product_tag":[89],"class_list":{"0":"post-2217","1":"product","2":"type-product","3":"status-publish","4":"has-post-thumbnail","6":"product_cat-glass-food-storage","7":"product_tag-leak-proof-borosilicate-glass-wholesale","9":"first","10":"instock","11":"sale","12":"shipping-taxable","13":"purchasable","14":"product-type-simple"},"_links":{"self":[{"href":"https:\/\/pyglass.com\/es\/wp-json\/wp\/v2\/product\/2217","targetHints":{"allow":["GET"]}}],"collection":[{"href":"https:\/\/pyglass.com\/es\/wp-json\/wp\/v2\/product"}],"about":[{"href":"https:\/\/pyglass.com\/es\/wp-json\/wp\/v2\/types\/product"}],"replies":[{"embeddable":true,"href":"https:\/\/pyglass.com\/es\/wp-json\/wp\/v2\/comments?post=2217"}],"version-history":[{"count":1,"href":"https:\/\/pyglass.com\/es\/wp-json\/wp\/v2\/product\/2217\/revisions"}],"predecessor-version":[{"id":2218,"href":"https:\/\/pyglass.com\/es\/wp-json\/wp\/v2\/product\/2217\/revisions\/2218"}],"wp:featuredmedia":[{"embeddable":true,"href":"https:\/\/pyglass.com\/es\/wp-json\/wp\/v2\/media\/2215"}],"wp:attachment":[{"href":"https:\/\/pyglass.com\/es\/wp-json\/wp\/v2\/media?parent=2217"}],"wp:term":[{"taxonomy":"product_brand","embeddable":true,"href":"https:\/\/pyglass.com\/es\/wp-json\/wp\/v2\/product_brand?post=2217"},{"taxonomy":"product_cat","embeddable":true,"href":"https:\/\/pyglass.com\/es\/wp-json\/wp\/v2\/product_cat?post=2217"},{"taxonomy":"product_tag","embeddable":true,"href":"https:\/\/pyglass.com\/es\/wp-json\/wp\/v2\/product_tag?post=2217"}],"curies":[{"name":"wp","href":"https:\/\/api.w.org\/{rel}","templated":true}]}}