{"id":2011,"date":"2026-04-18T02:23:00","date_gmt":"2026-04-18T02:23:00","guid":{"rendered":"https:\/\/pyglass.com\/?post_type=product&#038;p=2011"},"modified":"2026-04-18T02:23:00","modified_gmt":"2026-04-18T02:23:00","slug":"nesting-borosilicate-glass-food-storage-containers-bamboo-lds-airtight-stackable-set-7-pyglass-wholesale","status":"publish","type":"product","link":"https:\/\/pyglass.com\/fr\/produit\/nesting-borosilicate-glass-food-storage-containers-bamboo-lds-airtight-stackable-set-7-pyglass-wholesale\/","title":{"rendered":"Contenants de stockage alimentaire en verre borosilicate empilables avec couvercles en bambou \u2013 Ensemble herm\u00e9tique empilable de 7 | PYGLASS Vente en gros"},"content":{"rendered":"<p data-start=\"84\" data-end=\"367\">Am\u00e9liorez l'organisation de votre cuisine avec cet ensemble premium de contenants de stockage alimentaire en verre borosilicate empilables. Con\u00e7u avec des couvercles en bambou naturel et une esth\u00e9tique moderne et \u00e9pur\u00e9e, cet ensemble allie fonctionnalit\u00e9 et aspect haut de gamme, id\u00e9al pour un usage domestique et commercial.<\/p>\n<p data-start=\"369\" data-end=\"535\">Les contenants sont con\u00e7us pour le stockage d'aliments secs, l'organisation de la r\u00e9serve et l'utilisation quotidienne en cuisine, offrant une alternative durable et r\u00e9utilisable aux contenants en plastique.<\/p>\n<hr data-start=\"537\" data-end=\"540\" \/>\n<h2 style=\"text-align: center;\" data-section-id=\"1y8un7j\" data-start=\"542\" data-end=\"560\">Caract\u00e9ristiques principales<\/h2>\n<p data-start=\"562\" data-end=\"786\"><strong data-start=\"562\" data-end=\"590\">Couvercles en bambou \u00e9cologique<\/strong><br data-start=\"590\" data-end=\"593\" \/>Les couvercles en bambou naturel offrent une apparence chaleureuse et haut de gamme tout en soutenant une d\u00e9marche de produit durable. Chaque couvercle est \u00e9quip\u00e9 d'une bague en silicone pour garantir une \u00e9tanch\u00e9it\u00e9 herm\u00e9tique pour le stockage d'aliments secs.<\/p>\n<p data-start=\"788\" data-end=\"973\"><strong data-start=\"788\" data-end=\"823\">Verre borosilicate de haute qualit\u00e9<\/strong><br data-start=\"823\" data-end=\"826\" \/>Le corps en verre est r\u00e9sistant \u00e0 la chaleur, durable et s\u00fbr pour le contact alimentaire. Il n'absorbe pas les odeurs ni les taches, assurant une utilisation \u00e0 long terme et un nettoyage facile.<\/p>\n<p data-start=\"975\" data-end=\"1210\"><strong data-start=\"975\" data-end=\"1005\">Design encastrable et empilable<\/strong><br data-start=\"1005\" data-end=\"1008\" \/>Les contenants sont con\u00e7us pour s'encastrer les uns dans les autres lorsqu'ils ne sont pas utilis\u00e9s, \u00e9conomisant de l'espace de rangement. Lorsqu'ils sont remplis, ils peuvent \u00eatre empil\u00e9s en toute s\u00e9curit\u00e9, ce qui les rend id\u00e9aux pour des \u00e9tag\u00e8res de cuisine organis\u00e9es et des pr\u00e9sentoirs de vente.<\/p>\n<p data-start=\"1212\" data-end=\"1402\"><strong data-start=\"1212\" data-end=\"1246\">Aspect moderne et minimaliste<\/strong><br data-start=\"1246\" data-end=\"1249\" \/>Le verre clair associ\u00e9 au bambou naturel cr\u00e9e un attrait visuel haut de gamme, id\u00e9al pour les marques d'ustensiles de cuisine haut de gamme et les march\u00e9s ax\u00e9s sur le style de vie.<\/p>\n<hr data-start=\"1404\" data-end=\"1407\" \/>\n<h2 style=\"text-align: center;\" data-section-id=\"jjokay\" data-start=\"1409\" data-end=\"1437\">Sp\u00e9cifications du produit<\/h2>\n<ul data-start=\"1439\" data-end=\"1799\">\n<li data-section-id=\"dd5yld\" data-start=\"1439\" data-end=\"1500\">Mat\u00e9riau : Verre borosilicate + Couvercle en bambou + Joint en silicone<\/li>\n<li data-section-id=\"1vi301x\" data-start=\"1501\" data-end=\"1552\">Configuration du lot : Ensemble de 7 pi\u00e8ces (tailles multiples)<\/li>\n<li data-section-id=\"30bnr3\" data-start=\"1553\" data-end=\"1575\">Forme : Rectangulaire<\/li>\n<li data-section-id=\"835sif\" data-start=\"1576\" data-end=\"1624\">R\u00e9sistance \u00e0 la temp\u00e9rature du verre : -20\u00b0C \u00e0 400\u00b0C<\/li>\n<li data-section-id=\"1ne8zsl\" data-start=\"1625\" data-end=\"1687\">Utilisation du couvercle : Non compatible avec le micro-ondes, le four ou le lave-vaisselle<\/li>\n<li data-section-id=\"4wkch4\" data-start=\"1688\" data-end=\"1759\">Application : Rangement des aliments secs, organisation du garde-manger, stockage en cuisine<\/li>\n<li data-section-id=\"1wd5cg6\" data-start=\"1760\" data-end=\"1799\">Certification : Conforme \u00e0 la FDA \/ LFGB<\/li>\n<\/ul>\n<hr data-start=\"1801\" data-end=\"1804\" \/>\n<h2 style=\"text-align: center;\" data-section-id=\"1vrj3ew\" data-start=\"1806\" data-end=\"1833\">Sc\u00e9narios d'application<\/h2>\n<p data-start=\"1835\" data-end=\"1868\">Parfait pour une large gamme d'utilisations :<\/p>\n<ul data-start=\"1870\" data-end=\"2062\">\n<li data-section-id=\"1hsi1fr\" data-start=\"1870\" data-end=\"1918\">Rangement du garde-manger (c\u00e9r\u00e9ales, caf\u00e9, th\u00e9, snacks)<\/li>\n<li data-section-id=\"1skhxg3\" data-start=\"1919\" data-end=\"1951\">Syst\u00e8mes d'organisation de la cuisine<\/li>\n<li data-section-id=\"19a2rbq\" data-start=\"1952\" data-end=\"1988\">Magasins de d\u00e9tail pour la maison et le style de vie<\/li>\n<li data-section-id=\"16uffhe\" data-start=\"1989\" data-end=\"2022\">Marques d'ustensiles de cuisine en commerce \u00e9lectronique<\/li>\n<li data-section-id=\"xnu8qr\" data-start=\"2023\" data-end=\"2062\">Coffrets cadeaux et gammes de produits haut de gamme<\/li>\n<\/ul>\n<hr data-start=\"2064\" data-end=\"2067\" \/>\n<h2 style=\"text-align: center;\" data-section-id=\"119fp1p\" data-start=\"2069\" data-end=\"2106\">Options de personnalisation (OEM\/ODM)<\/h2>\n<p data-start=\"2108\" data-end=\"2178\">Nous supportons une personnalisation flexible pour r\u00e9pondre aux besoins de votre marque et de votre march\u00e9 :<\/p>\n<ul data-start=\"2180\" data-end=\"2389\">\n<li data-section-id=\"1txems9\" data-start=\"2180\" data-end=\"2225\">Gravure ou impression du logo sur les couvercles en bambou<\/li>\n<li data-section-id=\"1bujyl7\" data-start=\"2226\" data-end=\"2257\">Formes et tailles de couvercles personnalis\u00e9s<\/li>\n<li data-section-id=\"1c4ep3f\" data-start=\"2258\" data-end=\"2299\">Conception d'emballage bo\u00eete cadeau \/ bo\u00eete color\u00e9e<\/li>\n<li data-section-id=\"1on19no\" data-start=\"2300\" data-end=\"2361\">Personnalisation de la combinaison de sets (3 pi\u00e8ces \/ 5 pi\u00e8ces \/ 7 pi\u00e8ces \/ plus)<\/li>\n<li data-section-id=\"tc3he1\" data-start=\"2362\" data-end=\"2389\">Solutions d'\u00e9tiquettes priv\u00e9es<\/li>\n<\/ul>\n<hr data-start=\"2391\" data-end=\"2394\" \/>\n<h2 style=\"text-align: center;\" data-section-id=\"1nuvhel\" data-start=\"2396\" data-end=\"2434\">Avantages de l'emballage et de la logistique<\/h2>\n<ul data-start=\"2436\" data-end=\"2647\">\n<li data-section-id=\"mqgyjc\" data-start=\"2436\" data-end=\"2494\">Emballage de protection con\u00e7u pour r\u00e9duire la casse du verre<\/li>\n<li data-section-id=\"735ee0\" data-start=\"2495\" data-end=\"2552\">Structure de carton optimis\u00e9e pour l'empilement et le transport<\/li>\n<li data-section-id=\"1kf0g5d\" data-start=\"2553\" data-end=\"2604\">Convient pour le commerce \u00e9lectronique et la distribution en d\u00e9tail<\/li>\n<li data-section-id=\"1nekx3o\" data-start=\"2605\" data-end=\"2647\">Capacit\u00e9 d'approvisionnement stable pour les commandes en gros<\/li>\n<\/ul>\n<hr data-start=\"2649\" data-end=\"2652\" \/>\n<h2 style=\"text-align: center;\" data-section-id=\"1dm9ks3\" data-start=\"2654\" data-end=\"2687\">Pourquoi ce produit se vend bien<\/h2>\n<ul data-start=\"2689\" data-end=\"2913\">\n<li data-section-id=\"bflv59\" data-start=\"2689\" data-end=\"2736\">Demande croissante pour la vaisselle \u00e9cologique<\/li>\n<li data-section-id=\"1877mjk\" data-start=\"2737\" data-end=\"2801\">Attractivit\u00e9 visuelle forte pour les rayons de vente au d\u00e9tail et les plateformes en ligne<\/li>\n<li data-section-id=\"1imyuhf\" data-start=\"2802\" data-end=\"2857\">Conception pratique d'imbriquement qui r\u00e9duit les plaintes concernant le stockage<\/li>\n<li data-section-id=\"vokqin\" data-start=\"2858\" data-end=\"2913\">Convient pour un positionnement haut de gamme et des marges plus \u00e9lev\u00e9es<\/li>\n<\/ul>","protected":false},"excerpt":{"rendered":"<p><strong data-start=\"2\" data-end=\"53\" data-is-only-node=\"\">Verre borosilicate de qualit\u00e9 sup\u00e9rieure &amp; Couvercle en bambou naturel<\/strong><br data-start=\"53\" data-end=\"56\" \/>Fabriqu\u00e9 \u00e0 partir de verre durable r\u00e9sistant \u00e0 la chaleur associ\u00e9 \u00e0 des couvercles en bambou \u00e9cologiques, offrant une solution s\u00fbre et \u00e9l\u00e9gante pour le rangement moderne en cuisine.<\/p>\n<p><strong data-start=\"204\" data-end=\"235\" data-is-only-node=\"\">Joint herm\u00e9tique pour la fra\u00eecheur<\/strong><br data-start=\"235\" data-end=\"238\" \/>Chaque couvercle est \u00e9quip\u00e9 d'une bague en silicone pour assurer une \u00e9tanch\u00e9it\u00e9 herm\u00e9tique, aidant \u00e0 garder les aliments secs frais tout en prot\u00e9geant contre l'humidit\u00e9.<\/p>\n<p><strong data-start=\"377\" data-end=\"407\" data-is-only-node=\"\">Design empilable et encastrable<\/strong><br data-start=\"407\" data-end=\"410\" \/>Con\u00e7us pour un rangement gain de place, les contenants peuvent \u00eatre empil\u00e9s ou encastr\u00e9s proprement, ce qui les rend id\u00e9aux pour des cuisines organis\u00e9es et des pr\u00e9sentoirs de vente.<\/p>","protected":false},"featured_media":2009,"comment_status":"open","ping_status":"closed","template":"","meta":[],"product_brand":[],"product_cat":[34],"product_tag":[88],"class_list":{"0":"post-2011","1":"product","2":"type-product","3":"status-publish","4":"has-post-thumbnail","6":"product_cat-glass-food-storage","7":"product_tag-premium-borosilicate-glass","9":"first","10":"instock","11":"sale","12":"shipping-taxable","13":"purchasable","14":"product-type-simple"},"_links":{"self":[{"href":"https:\/\/pyglass.com\/fr\/wp-json\/wp\/v2\/product\/2011","targetHints":{"allow":["GET"]}}],"collection":[{"href":"https:\/\/pyglass.com\/fr\/wp-json\/wp\/v2\/product"}],"about":[{"href":"https:\/\/pyglass.com\/fr\/wp-json\/wp\/v2\/types\/product"}],"replies":[{"embeddable":true,"href":"https:\/\/pyglass.com\/fr\/wp-json\/wp\/v2\/comments?post=2011"}],"version-history":[{"count":1,"href":"https:\/\/pyglass.com\/fr\/wp-json\/wp\/v2\/product\/2011\/revisions"}],"predecessor-version":[{"id":2012,"href":"https:\/\/pyglass.com\/fr\/wp-json\/wp\/v2\/product\/2011\/revisions\/2012"}],"wp:featuredmedia":[{"embeddable":true,"href":"https:\/\/pyglass.com\/fr\/wp-json\/wp\/v2\/media\/2009"}],"wp:attachment":[{"href":"https:\/\/pyglass.com\/fr\/wp-json\/wp\/v2\/media?parent=2011"}],"wp:term":[{"taxonomy":"product_brand","embeddable":true,"href":"https:\/\/pyglass.com\/fr\/wp-json\/wp\/v2\/product_brand?post=2011"},{"taxonomy":"product_cat","embeddable":true,"href":"https:\/\/pyglass.com\/fr\/wp-json\/wp\/v2\/product_cat?post=2011"},{"taxonomy":"product_tag","embeddable":true,"href":"https:\/\/pyglass.com\/fr\/wp-json\/wp\/v2\/product_tag?post=2011"}],"curies":[{"name":"wp","href":"https:\/\/api.w.org\/{rel}","templated":true}]}}