{"id":2205,"date":"2026-04-22T06:44:46","date_gmt":"2026-04-22T06:44:46","guid":{"rendered":"https:\/\/pyglass.com\/?post_type=product&#038;p=2205"},"modified":"2026-04-22T06:44:46","modified_gmt":"2026-04-22T06:44:46","slug":"premium-borosilicate-kitchen-organizer-with-ergonomic-one-touch-freshness-seal","status":"publish","type":"product","link":"https:\/\/pyglass.com\/fr\/produit\/premium-borosilicate-kitchen-organizer-with-ergonomic-one-touch-freshness-seal\/","title":{"rendered":"Organisateur de Cuisine en Borosilicate de Qualit\u00e9 Premium avec Sceau de Fra\u00eecheur Ergonomique \u00e0 Toucher Unique"},"content":{"rendered":"<h2 data-section-id=\"16w8thi\" data-start=\"631\" data-end=\"699\">\u00c9tanch\u00e9it\u00e9 innovante \u00e0 une touche \u2013 Con\u00e7ue pour une v\u00e9ritable commodit\u00e9 utilisateur<\/h2>\n<p data-start=\"701\" data-end=\"803\">D'apr\u00e8s les images du produit, l'avantage principal est clair :<br data-start=\"754\" data-end=\"757\" \/>ce n'est pas un conteneur \u00e0 clip traditionnel.<\/p>\n<p data-start=\"805\" data-end=\"904\">L'ergonomique <strong data-start=\"819\" data-end=\"847\">Design de couvercle \u00e0 pression pour \u00e9tanch\u00e9it\u00e9<\/strong> permet aux utilisateurs de fermer le conteneur d'une simple pression :<\/p>\n<ul data-start=\"906\" data-end=\"1007\">\n<li data-section-id=\"vhkhzb\" data-start=\"906\" data-end=\"934\">Pas de clips de verrouillage complexes<\/li>\n<li data-section-id=\"k9dn15\" data-start=\"935\" data-end=\"962\">Fonctionnement \u00e0 une main facile<\/li>\n<li data-section-id=\"7a5xxx\" data-start=\"963\" data-end=\"1007\">Usure r\u00e9duite par rapport aux couvercles \u00e0 clips multiples<\/li>\n<\/ul>\n<p data-start=\"1009\" data-end=\"1035\">\ud83d\udc49 Pour les acheteurs, cela signifie :<\/p>\n<ul data-start=\"1036\" data-end=\"1132\">\n<li data-section-id=\"e13ghc\" data-start=\"1036\" data-end=\"1058\">Taux de retour plus faible<\/li>\n<li data-section-id=\"10tbjs0\" data-start=\"1059\" data-end=\"1082\">Meilleurs avis des utilisateurs<\/li>\n<li data-section-id=\"ayl2kf\" data-start=\"1083\" data-end=\"1132\">Forte diff\u00e9renciation par rapport aux produits standard<\/li>\n<\/ul>\n<p>&nbsp;<\/p>\n<figure id=\"attachment_2207\" aria-describedby=\"caption-attachment-2207\" style=\"width: 500px\" class=\"wp-caption aligncenter\"><img fetchpriority=\"high\" decoding=\"async\" class=\"wp-image-2207 size-medium\" src=\"https:\/\/pyglass.com\/wp-content\/uploads\/2026\/04\/stacked-glass-storage-containers-500x500.webp\" alt=\"A person holding a stack of three glass food storage containers with orange lids, showcasing a practical kitchen organization solution.\" width=\"500\" height=\"500\" srcset=\"https:\/\/pyglass.com\/wp-content\/uploads\/2026\/04\/stacked-glass-storage-containers-500x500.webp 500w, https:\/\/pyglass.com\/wp-content\/uploads\/2026\/04\/stacked-glass-storage-containers-300x300.webp 300w, https:\/\/pyglass.com\/wp-content\/uploads\/2026\/04\/stacked-glass-storage-containers-12x12.webp 12w, https:\/\/pyglass.com\/wp-content\/uploads\/2026\/04\/stacked-glass-storage-containers-600x600.webp 600w, https:\/\/pyglass.com\/wp-content\/uploads\/2026\/04\/stacked-glass-storage-containers-100x100.webp 100w, https:\/\/pyglass.com\/wp-content\/uploads\/2026\/04\/stacked-glass-storage-containers.webp 750w\" sizes=\"(max-width: 500px) 100vw, 500px\" \/><figcaption id=\"caption-attachment-2207\" class=\"wp-caption-text\">Contenants de stockage en verre avec couvercles orange, id\u00e9aux pour l'organisation de la cuisine.<\/figcaption><\/figure>\n<p>&nbsp;<\/p>\n<hr data-start=\"1134\" data-end=\"1137\" \/>\n<h2 data-section-id=\"28ujuo\" data-start=\"1139\" data-end=\"1193\">Design moderne et \u00e9pur\u00e9 qui se vend tout seul en rayon<\/h2>\n<p data-start=\"1195\" data-end=\"1293\">La forme rectangulaire minimaliste combin\u00e9e \u00e0 un couvercle mat doux cr\u00e9e une identit\u00e9 visuelle haut de gamme.<\/p>\n<ul data-start=\"1295\" data-end=\"1449\">\n<li data-section-id=\"8dqedj\" data-start=\"1295\" data-end=\"1351\">Esth\u00e9tique de cuisine moderne adapt\u00e9e aux march\u00e9s mondiaux<\/li>\n<li data-section-id=\"ebklo9\" data-start=\"1352\" data-end=\"1400\">Attractivit\u00e9 visuelle forte pour les annonces e-commerce<\/li>\n<li data-section-id=\"xfljtr\" data-start=\"1401\" data-end=\"1449\">Id\u00e9al pour un positionnement de vente au d\u00e9tail de milieu \u00e0 haut de gamme<\/li>\n<\/ul>\n<p data-start=\"1451\" data-end=\"1516\">\ud83d\udc49 Ce n'est pas seulement un contenant \u2014 c\u2019est un <strong data-start=\"1492\" data-end=\"1516\">produit pr\u00eat \u00e0 la vente au d\u00e9tail<\/strong><\/p>\n<p data-start=\"1451\" data-end=\"1516\">\n<figure id=\"attachment_2206\" aria-describedby=\"caption-attachment-2206\" style=\"width: 500px\" class=\"wp-caption aligncenter\"><img decoding=\"async\" class=\"wp-image-2206 size-medium\" src=\"https:\/\/pyglass.com\/wp-content\/uploads\/2026\/04\/glass-food-containers-orange-lids-500x500.webp\" alt=\"Stacked glass food containers with orange lids, with a hand opening the lid of the top container; a croissant is inside the bottom container.\" width=\"500\" height=\"500\" srcset=\"https:\/\/pyglass.com\/wp-content\/uploads\/2026\/04\/glass-food-containers-orange-lids-500x500.webp 500w, https:\/\/pyglass.com\/wp-content\/uploads\/2026\/04\/glass-food-containers-orange-lids-300x300.webp 300w, https:\/\/pyglass.com\/wp-content\/uploads\/2026\/04\/glass-food-containers-orange-lids-12x12.webp 12w, https:\/\/pyglass.com\/wp-content\/uploads\/2026\/04\/glass-food-containers-orange-lids-600x600.webp 600w, https:\/\/pyglass.com\/wp-content\/uploads\/2026\/04\/glass-food-containers-orange-lids-100x100.webp 100w, https:\/\/pyglass.com\/wp-content\/uploads\/2026\/04\/glass-food-containers-orange-lids.webp 750w\" sizes=\"(max-width: 500px) 100vw, 500px\" \/><figcaption id=\"caption-attachment-2206\" class=\"wp-caption-text\">Contenants alimentaires en verre empilables avec couvercles orange herm\u00e9tiques, parfaits pour le stockage et la pr\u00e9paration des repas.<\/figcaption><\/figure>\n<p>&nbsp;<\/p>\n<hr data-start=\"1518\" data-end=\"1521\" \/>\n<h2 data-section-id=\"1knckod\" data-start=\"1523\" data-end=\"1579\">Empilables et \u00e9conomes en espace pour le stockage et la logistique<\/h2>\n<p data-start=\"1581\" data-end=\"1652\">Comme montr\u00e9 sur les images, les contenants s'empilent en toute s\u00e9curit\u00e9 sans glisser.<\/p>\n<ul data-start=\"1654\" data-end=\"1767\">\n<li data-section-id=\"4519gb\" data-start=\"1654\" data-end=\"1679\">\u00c9conomise de l'espace en entrep\u00f4t<\/li>\n<li data-section-id=\"tkp911\" data-start=\"1680\" data-end=\"1718\">Am\u00e9liore l'efficacit\u00e9 du chargement des cartons<\/li>\n<li data-section-id=\"6lmswi\" data-start=\"1719\" data-end=\"1767\">Am\u00e9liore l'organisation des rayons dans les magasins de d\u00e9tail<\/li>\n<\/ul>\n<p data-start=\"1769\" data-end=\"1841\">\ud83d\udc49 Aide les acheteurs \u00e0 optimiser \u00e0 la fois <strong data-start=\"1799\" data-end=\"1841\">les co\u00fbts logistiques et la pr\u00e9sentation en magasin<\/strong><\/p>\n<hr data-start=\"1843\" data-end=\"1846\" \/>\n<h2 data-section-id=\"1o8534\" data-start=\"1848\" data-end=\"1907\">Verre borosilicat\u00e9 de haute qualit\u00e9 pour une durabilit\u00e9 multi-usage<\/h2>\n<p data-start=\"1909\" data-end=\"1954\">Fabriqu\u00e9 \u00e0 partir de verre borosilicat\u00e9 de qualit\u00e9 sup\u00e9rieure :<\/p>\n<ul data-start=\"1956\" data-end=\"2070\">\n<li data-section-id=\"e80gj9\" data-start=\"1956\" data-end=\"1986\">R\u00e9sistant aux chocs thermiques<\/li>\n<li data-section-id=\"srmv0d\" data-start=\"1987\" data-end=\"2040\">Compatible avec le micro-ondes, le four, le cong\u00e9lateur et le lave-vaisselle<\/li>\n<li data-section-id=\"ti13jp\" data-start=\"2041\" data-end=\"2070\">Longue dur\u00e9e de vie et r\u00e9utilisable<\/li>\n<\/ul>\n<p data-start=\"2072\" data-end=\"2152\">Compar\u00e9 au verre de type soda-lime, il r\u00e9duit consid\u00e9rablement la casse lors de l'utilisation quotidienne.<\/p>\n<hr data-start=\"2154\" data-end=\"2157\" \/>\n<h2 data-section-id=\"1vmr6xt\" data-start=\"2159\" data-end=\"2207\">Structure r\u00e9sistante aux fuites avec joint int\u00e9gr\u00e9<\/h2>\n<p data-start=\"2209\" data-end=\"2294\">Le couvercle int\u00e8gre un syst\u00e8me d'\u00e9tanch\u00e9it\u00e9 serr\u00e9 con\u00e7u pour pr\u00e9venir les fuites lors du stockage.<\/p>\n<ul data-start=\"2296\" data-end=\"2416\">\n<li data-section-id=\"1q6lruo\" data-start=\"2296\" data-end=\"2339\">Convient \u00e0 la pr\u00e9paration de repas et au stockage des aliments<\/li>\n<li data-section-id=\"l6b20p\" data-start=\"2340\" data-end=\"2375\">Maintient la fra\u00eecheur et l'hygi\u00e8ne<\/li>\n<li data-section-id=\"grfsp2\" data-start=\"2376\" data-end=\"2416\">Performance stable lors d'une utilisation r\u00e9p\u00e9t\u00e9e<\/li>\n<\/ul>\n<hr data-start=\"2418\" data-end=\"2421\" \/>\n<h2 data-section-id=\"1mvohyg\" data-start=\"2423\" data-end=\"2462\">Qualit\u00e9 certifi\u00e9e pour les march\u00e9s mondiaux<\/h2>\n<p data-start=\"2464\" data-end=\"2513\">Tous les produits r\u00e9pondent \u00e0 des normes internationales strictes :<\/p>\n<ul data-start=\"2515\" data-end=\"2630\">\n<li data-section-id=\"xdxdvg\" data-start=\"2515\" data-end=\"2548\">Conforme \u00e0 la FDA \/ LFGB \/ DGCCRF<\/li>\n<li data-section-id=\"3u6bn2\" data-start=\"2549\" data-end=\"2586\">Syst\u00e8me de gestion de la qualit\u00e9 ISO9001<\/li>\n<li data-section-id=\"1dwfhdo\" data-start=\"2587\" data-end=\"2630\">Usine audit\u00e9e BSCI \/ Walmart \/ Costco<\/li>\n<\/ul>\n<p data-start=\"2632\" data-end=\"2731\">\ud83d\udc49 Assure une entr\u00e9e fluide sur les march\u00e9s fran\u00e7ais et europ\u00e9ens<br data-start=\"2678\" data-end=\"2681\" \/>\ud83d\udc49 R\u00e9duit les risques de conformit\u00e9 et juridiques pour les acheteurs<\/p>\n<hr data-start=\"2733\" data-end=\"2736\" \/>\n<h2 data-section-id=\"1fxwlt7\" data-start=\"2738\" data-end=\"2790\">Con\u00e7u pour les acheteurs B2B \u2013 Approvisionnement flexible et fiable<\/h2>\n<p data-start=\"2792\" data-end=\"2829\">Nous soutenons diff\u00e9rents mod\u00e8les commerciaux :<\/p>\n<ul data-start=\"2831\" data-end=\"3052\">\n<li data-section-id=\"umetub\" data-start=\"2831\" data-end=\"2883\">Personnalisation OEM \/ ODM (logo, couleur, emballage)<\/li>\n<li data-section-id=\"vo0q59\" data-start=\"2884\" data-end=\"2929\">Solutions de marque priv\u00e9e pour les marques de d\u00e9tail<\/li>\n<li data-section-id=\"ezux1a\" data-start=\"2930\" data-end=\"2954\">Options MOQ flexibles<\/li>\n<li data-section-id=\"164lk8p\" data-start=\"2955\" data-end=\"2999\">D\u00e9lais de production et de livraison stables<\/li>\n<li data-section-id=\"xw5fgk\" data-start=\"3000\" data-end=\"3052\">Emballage renforc\u00e9 pour minimiser les dommages lors de l'exp\u00e9dition<\/li>\n<\/ul>","protected":false},"excerpt":{"rendered":"<p><strong>Design de joint \u00e0 pression \u00e0 une touche<\/strong> \u2013 M\u00e9canisme simple de verrouillage par pression am\u00e9liore la commodit\u00e9 pour l'utilisateur et r\u00e9duit les plaintes li\u00e9es \u00e0 la d\u00e9faillance du couvercle<\/p>\n<p><strong>Structure empilable et peu encombrante <\/strong>\u2013 Design rectangulaire \u00e9pur\u00e9 optimis\u00e9 pour l'affichage en magasin et le stockage efficace<\/p>\n<p><strong>Verre borosilicate de qualit\u00e9 sup\u00e9rieure <\/strong>\u2013 R\u00e9sistant \u00e0 la chaleur, durable et certifi\u00e9 pour un contact alimentaire s\u00fbr (FDA &amp; LFGB)<\/p>","protected":false},"featured_media":2209,"comment_status":"open","ping_status":"closed","template":"","meta":[],"product_brand":[],"product_cat":[34],"product_tag":[],"class_list":{"0":"post-2205","1":"product","2":"type-product","3":"status-publish","4":"has-post-thumbnail","6":"product_cat-glass-food-storage","8":"first","9":"instock","10":"sale","11":"shipping-taxable","12":"purchasable","13":"product-type-simple"},"_links":{"self":[{"href":"https:\/\/pyglass.com\/fr\/wp-json\/wp\/v2\/product\/2205","targetHints":{"allow":["GET"]}}],"collection":[{"href":"https:\/\/pyglass.com\/fr\/wp-json\/wp\/v2\/product"}],"about":[{"href":"https:\/\/pyglass.com\/fr\/wp-json\/wp\/v2\/types\/product"}],"replies":[{"embeddable":true,"href":"https:\/\/pyglass.com\/fr\/wp-json\/wp\/v2\/comments?post=2205"}],"version-history":[{"count":1,"href":"https:\/\/pyglass.com\/fr\/wp-json\/wp\/v2\/product\/2205\/revisions"}],"predecessor-version":[{"id":2211,"href":"https:\/\/pyglass.com\/fr\/wp-json\/wp\/v2\/product\/2205\/revisions\/2211"}],"wp:featuredmedia":[{"embeddable":true,"href":"https:\/\/pyglass.com\/fr\/wp-json\/wp\/v2\/media\/2209"}],"wp:attachment":[{"href":"https:\/\/pyglass.com\/fr\/wp-json\/wp\/v2\/media?parent=2205"}],"wp:term":[{"taxonomy":"product_brand","embeddable":true,"href":"https:\/\/pyglass.com\/fr\/wp-json\/wp\/v2\/product_brand?post=2205"},{"taxonomy":"product_cat","embeddable":true,"href":"https:\/\/pyglass.com\/fr\/wp-json\/wp\/v2\/product_cat?post=2205"},{"taxonomy":"product_tag","embeddable":true,"href":"https:\/\/pyglass.com\/fr\/wp-json\/wp\/v2\/product_tag?post=2205"}],"curies":[{"name":"wp","href":"https:\/\/api.w.org\/{rel}","templated":true}]}}